{"id":255,"date":"2017-12-04T14:55:16","date_gmt":"2017-12-04T13:55:16","guid":{"rendered":"https:\/\/hairmate.pl\/akademia\/?page_id=255"},"modified":"2022-01-25T10:18:32","modified_gmt":"2022-01-25T09:18:32","slug":"bezplatne-szkolenia-dla-bezrobotnych","status":"publish","type":"page","link":"https:\/\/hairmate.pl\/akademia\/bezplatne-szkolenia-dla-bezrobotnych\/","title":{"rendered":"Darmowe szkolenia fryzjerskie w Hairmate School"},"content":{"rendered":"<h2>Szkolenia fryzjerskie w Hairmate<\/h2>\n<p>Hairmate School daje mo\u017cliwos\u0107 wzi\u0119cia udzia\u0142u w szkoleniach osobom bezrobotnym. Darmowe szkolenia s\u0105 refundowane przez Urz\u0105d Pracy.<\/p>\n<h3>Dla kogo?<\/h3>\n<ul>\n<li>Osoby zarejestrowane w Urz\u0119dzie Pracy jako osoby bezrobotne lub mog\u0105ce ubiega\u0107 si\u0119 o ten status,<\/li>\n<li>osoby, kt\u00f3re chc\u0105 rozpocz\u0105\u0107 w\u0142asn\u0105 dzia\u0142alno\u015b\u0107 lub kt\u00f3re maj\u0105 zapewnione miejsce pracy po uko\u0144czeniu szkolenia,<\/li>\n<li>osoby pracuj\u0105ce, kt\u00f3re zamierzaj\u0105 zmieni\u0107 zak\u0142ad pracy, a kt\u00f3re s\u0105 w okresie wypowiedzenia.<\/li>\n<\/ul>\n<h3>Wysoko\u015b\u0107 refundacji<\/h3>\n<p>Refundowana kwota ustalana jest dla ka\u017cdego z region\u00f3w oraz zale\u017cna jest od wieku osoby bezrobotnej oraz d\u0142ugo\u015bci bycia osob\u0105 bezrobotn\u0105, dlatego aby pozna\u0107 aktualn\u0105 warto\u015b\u0107 nale\u017cy zg\u0142osi\u0107 si\u0119 z zapytaniem do pracownik\u00f3w Urz\u0119du Pracy. Wysoko\u015b\u0107 dofinansowanie nie mo\u017ce przekroczy\u0107 6 tys. z\u0142otych.<\/p>\n<h3>Miejsce zamieszkania<\/h3>\n<p>Szkolenia w ramach Hairmate School s\u0105 niezale\u017cne od miejsca zamieszkania. Aby upewni\u0107 si\u0119, \u017ce dany Urz\u0105d Pracy posiada \u015brodki na finansowanie szkole\u0144 lub dowiedzie\u0107 si\u0119 o kolejnych naborach nale\u017cy uda\u0107 si\u0119 do odpowiedniego Urz\u0119du Pracy ze wzgl\u0119du na miejsce zamieszkania.<\/p>\n<h3>Jak uzyska\u0107 dofinansowanie?<\/h3>\n<p>Uzyskanie darmowego kursu jest niezmiernie proste, wystarczy \u017ce:<\/p>\n<div>\n<div dir=\"ltr\">\n<ol>\n<li dir=\"ltr\">\n<p dir=\"ltr\">Osobi\u015bcie zg\u0142osisz si\u0119 do Powiatowego Urz\u0119du Pracy, w\u0142a\u015bciwego dla Twojego miejsca zamieszkania.<\/p>\n<\/li>\n<li dir=\"ltr\">\n<p dir=\"ltr\">W pokoju (referacie) zajmuj\u0105cym si\u0119 organizacj\u0105 szkole\u0144, przedstawisz ch\u0119\u0107 wzi\u0119cia udzia\u0142u w szkoleniu organizowanym przez \u00a0HAIRMATE School w zakresie danej tematyki.<\/p>\n<\/li>\n<li dir=\"ltr\">\n<p dir=\"ltr\">Wska\u017cesz pracownikom Urz\u0119du Pracy HAIRMATE School jako plac\u00f3wk\u0119 szkoleniow\u0105, w kt\u00f3rej to chcesz odby\u0107 szkolenie, podaj\u0105c:<\/p>\n<\/li>\n<\/ol>\n<p dir=\"ltr\">&#8211; numer w Rejestrze Instytucji Szkoleniowych: 2.14\/00448\/2017<\/p>\n<p dir=\"ltr\">&#8211; nasz adres: Kolejowa 47\/U20, 01-210 Warszawa, woj. mazowieckie<\/p>\n<p dir=\"ltr\">&#8211; oraz nasz numer telefonu: 533-395-365,<\/p>\n<p dir=\"ltr\">\u00a0\u00a0\u00a0\u00a04. Po otrzymaniu zgody od pracownik\u00f3w urz\u0119du, wype\u0142nij wniosek o\u00a0dofinansowanie i napisz do nas wiadomo\u015b\u0107 email lub zadzwo\u0144, informuj\u0105c nas o swojej ch\u0119ci przyst\u0105pienia do szkolenia. Pami\u0119taj, aby poda\u0107 wszystkie istotne informacje ? w tym tak\u017ce wymagania i adres Twojego Urz\u0119du Pracy.<\/p>\n<\/div>\n<\/div>\n<p>Aby\u015bmy mogli zaplanowa\u0107 poszczeg\u00f3lne szkolenia, prosimy o wype\u0142nienie poni\u017cszego formularza.<\/p>\n<p>Zapraszamy do kontaktu na adres:\u00a0<a href=\"mailto: szkolenia@hairmate.pl\">szkolenia@hairmate.pl<\/a>, aby uzyska\u0107 wi\u0119cej informacji.<\/p>\n<h2>Darmowe szkolenia fryzjerskie &#8211; Hairmate School<\/h2>\n<p><a href=\"https:\/\/hairmate.pl\/akademia\/\">Hairmate School<\/a> oferuje profesjonalne <a href=\"https:\/\/hairmate.pl\/akademia\/kursy-fryzjerskie\/\">kursy fryzjerskie<\/a> zar\u00f3wno dla os\u00f3b pocz\u0105tkuj\u0105cych, jak i tych pracuj\u0105cych ju\u017c w zawodzie. Warto przy tym zaznaczy\u0107, \u017ce cz\u0119\u015b\u0107 os\u00f3b zainteresowanych takimi zaj\u0119ciami mo\u017ce odbywa\u0107 szkolenia fryzjerskie za darmo. Jak to mo\u017cliwe? Wystarczy postara\u0107 si\u0119 o odpowiednie <strong>dofinansowanie na szkolenia fryzjerskie<\/strong> z Urz\u0119du Pracy lub z Krajowego Funduszu Szkoleniowego (KFS).<\/p>\n<h2>Hairmate School &#8211; szkolenia fryzjerskie dofinansowane w 2021<\/h2>\n<p>Urz\u0119dy Pracy mog\u0105 zaoferowa\u0107 osobom bezrobotnym fundusze mi\u0119dzy innymi na <strong>darmowe szkolenia fryzjerskie<\/strong> z Unii Europejskiej. Wysoko\u015b\u0107 dofinansowania zale\u017cy od kilku czynnik\u00f3w, ale nie mo\u017ce przekroczy\u0107 kwoty 6 tysi\u0119cy z\u0142otych. Dla os\u00f3b posiadaj\u0105cych w\u0142asne firmy przeznaczone s\u0105 natomiast <strong>szkolenia fryzjerskie dofinansowane z KFS<\/strong>. Je\u015bli wi\u0119c zaliczasz si\u0119 do kt\u00f3rejkolwiek z tych grup, koniecznie skorzystaj z tej mo\u017cliwo\u015bci! Hairmate School to idealne miejsce do tego, by w ko\u0144cu odby\u0107 profesjonalne, dofinansowane szkolenie fryzjerskie (Warszawa).<\/p>\n","protected":false},"excerpt":{"rendered":"<p>Szkolenia fryzjerskie w Hairmate Hairmate School daje mo\u017cliwos\u0107 wzi\u0119cia udzia\u0142u w szkoleniach osobom bezrobotnym. Darmowe szkolenia s\u0105 refundowane przez Urz\u0105d Pracy. Dla kogo? Osoby zarejestrowane w Urz\u0119dzie Pracy jako osoby bezrobotne lub mog\u0105ce ubiega\u0107 si\u0119 o ten status, osoby, kt\u00f3re chc\u0105 rozpocz\u0105\u0107 w\u0142asn\u0105 dzia\u0142alno\u015b\u0107 lub kt\u00f3re maj\u0105 zapewnione miejsce pracy po uko\u0144czeniu szkolenia, osoby pracuj\u0105ce,<a class=\"excerpt-read-more\" href=\"https:\/\/hairmate.pl\/akademia\/bezplatne-szkolenia-dla-bezrobotnych\/\" title=\"ReadDarmowe szkolenia fryzjerskie w Hairmate School\">&#8230; Read more &raquo;<\/a><\/p>\n","protected":false},"author":1,"featured_media":0,"parent":0,"menu_order":0,"comment_status":"closed","ping_status":"closed","template":"template-headline-form.php","meta":[],"_links":{"self":[{"href":"https:\/\/hairmate.pl\/akademia\/wp-json\/wp\/v2\/pages\/255"}],"collection":[{"href":"https:\/\/hairmate.pl\/akademia\/wp-json\/wp\/v2\/pages"}],"about":[{"href":"https:\/\/hairmate.pl\/akademia\/wp-json\/wp\/v2\/types\/page"}],"author":[{"embeddable":true,"href":"https:\/\/hairmate.pl\/akademia\/wp-json\/wp\/v2\/users\/1"}],"replies":[{"embeddable":true,"href":"https:\/\/hairmate.pl\/akademia\/wp-json\/wp\/v2\/comments?post=255"}],"version-history":[{"count":5,"href":"https:\/\/hairmate.pl\/akademia\/wp-json\/wp\/v2\/pages\/255\/revisions"}],"predecessor-version":[{"id":610,"href":"https:\/\/hairmate.pl\/akademia\/wp-json\/wp\/v2\/pages\/255\/revisions\/610"}],"wp:attachment":[{"href":"https:\/\/hairmate.pl\/akademia\/wp-json\/wp\/v2\/media?parent=255"}],"curies":[{"name":"wp","href":"https:\/\/api.w.org\/{rel}","templated":true}]}}