{"id":341,"date":"2018-01-30T18:44:57","date_gmt":"2018-01-30T17:44:57","guid":{"rendered":"https:\/\/hairmate.pl\/akademia\/?page_id=341"},"modified":"2022-01-25T10:31:07","modified_gmt":"2022-01-25T09:31:07","slug":"fryzjerstwo","status":"publish","type":"page","link":"https:\/\/hairmate.pl\/akademia\/fryzjerstwo\/","title":{"rendered":"Fryzjerstwo"},"content":{"rendered":"<h3 class=\"p1\" style=\"text-align: center;\"><img loading=\"lazy\" class=\"wp-image-346 size-medium aligncenter\" src=\"https:\/\/hairmate.pl\/akademia\/wp-content\/uploads\/2018\/01\/10848337_1599674103625559_2042357326_n-300x300.jpg\" alt=\"fryzjerstwo\" width=\"300\" height=\"300\" srcset=\"https:\/\/hairmate.pl\/akademia\/wp-content\/uploads\/2018\/01\/10848337_1599674103625559_2042357326_n-300x300.jpg 300w, https:\/\/hairmate.pl\/akademia\/wp-content\/uploads\/2018\/01\/10848337_1599674103625559_2042357326_n-150x150.jpg 150w, https:\/\/hairmate.pl\/akademia\/wp-content\/uploads\/2018\/01\/10848337_1599674103625559_2042357326_n-125x125.jpg 125w, https:\/\/hairmate.pl\/akademia\/wp-content\/uploads\/2018\/01\/10848337_1599674103625559_2042357326_n.jpg 640w\" sizes=\"(max-width: 300px) 100vw, 300px\" title=\"\"><\/h3>\n<h3 class=\"p1\" style=\"text-align: left;\"><\/h3>\n<h3 class=\"p1\" style=\"text-align: left;\"><\/h3>\n<h2 class=\"p1\" style=\"text-align: left;\"><span style=\"color: #a38753;\">Co warto wiedzie\u0107 o fryzjerstwie?<\/span><\/h2>\n<p class=\"p1\" style=\"text-align: left;\"><span class=\"s1\">Wizyty w salonie fryzjerskim to dla wielu os\u00f3b po prostu konieczno\u015b\u0107. Jest jednak grupa klient\u00f3w, a w szczeg\u00f3lno\u015bci klientek, dla kt\u00f3rych korzystanie z takich us\u0142ug to czysta przyjemno\u015b\u0107. Mo\u017cna zatem powiedzie\u0107, \u017ce fryzjerstwo jest rzemios\u0142em, kt\u00f3re mo\u017ce wp\u0142ywa\u0107 nie tylko na popraw\u0119 naszego wygl\u0105du, ale r\u00f3wnie\u017c samopoczucia. Jaka jest jednak historia fryzjerstwa oraz na jakiego rodzaju us\u0142ugi mo\u017cemy obecnie liczy\u0107?<\/span><\/p>\n<h2 class=\"p1\" style=\"text-align: left;\"><span class=\"s1\" style=\"color: #a38753;\">Historia<\/span><\/h2>\n<p class=\"p1\" style=\"text-align: left;\"><span class=\"s1\">Oczywi\u015bcie nie mo\u017cna z ca\u0142\u0105 pewno\u015bci\u0105 okre\u015bli\u0107, kiedy dok\u0142adnie fryzjerstwo sta\u0142o si\u0119 zawodem. Wyniki najr\u00f3\u017cniejszych bada\u0144 wskazuj\u0105 jednak, \u017ce ju\u017c tysi\u0105ce lat temu, ludzie chcieli dba\u0107 o sw\u00f3j wygl\u0105d, r\u00f3wnie\u017c poprzez noszenie modnych fryzur. Doskona\u0142ym przyk\u0142adem jest tutaj staro\u017cytny Egipt czy te\u017c Rzym. Ju\u017c w tak odleg\u0142ych czasach panowa\u0142y swego rodzaju trendy, kt\u00f3rych starano si\u0119 przestrzega\u0107. Warto jednak pami\u0119ta\u0107, \u017ce fryzury okre\u015bla\u0142y r\u00f3wnie\u017c status spo\u0142eczny danej osoby.<\/span><\/p>\n<p class=\"p1\" style=\"text-align: left;\"><span class=\"s1\">Niestety, mimo popularno\u015bci wszelkiego typu us\u0142ug fryzjerskich, status rzemie\u015blnika jakim by\u0142 fryzjer nie by\u0142 zbyt wysoki. Dopiero z biegiem lat, stawa\u0142 si\u0119 on coraz bardziej powa\u017canym zawodem, a fryzjerstwo przestawa\u0142o by\u0107 zarezerwowane wy\u0142\u0105cznie dla elit. A\u017c do momentu, gdy ka\u017cdy m\u00f3g\u0142 sobie pozwoli\u0107 na wizyt\u0119 w salonie fryzjerskim.<\/span><\/p>\n<p class=\"p1\" style=\"text-align: left;\"><span class=\"s1\">Obecnie, ilo\u015b\u0107 fryzjer\u00f3w, kt\u00f3rzy oferuj\u0105 nam swoje us\u0142ugi w tym\u017ce zakresie, jest wyj\u0105tkowo du\u017ca. W ka\u017cdym mie\u015bcie znajdziemy mn\u00f3stwo salon\u00f3w fryzjerskich, kt\u00f3re proponuj\u0105 swoim klientom bardzo ro\u017cny zakres us\u0142ug. A bior\u0105c pod uwag\u0119 fakt, i\u017c w dzisiejszych czasach panuje absolutna dowolno\u015b\u0107, gdy chodzi o wyb\u00f3r fryzury, bardzo wa\u017cne jest to aby zwr\u00f3ci\u0107 si\u0119 do profesjonalisty, kt\u00f3re zrozumie nasze potrzeby.<\/span><\/p>\n<h2 class=\"p1\" style=\"text-align: left;\"><span class=\"s1\" style=\"color: #a38753;\">Zakres us\u0142ug<\/span><\/h2>\n<p class=\"p1\" style=\"text-align: left;\"><span class=\"s1\">Zakres us\u0142ug oferowanych nam przez salony fryzjerskie jest dzisiaj naprawd\u0119 szeroki. Dzi\u0119ki temu, ka\u017cdy mo\u017ce bez wi\u0119kszych problem\u00f3w znale\u017a\u0107 fachowca, kt\u00f3ry zrealizuje jego wizj\u0119 dotycz\u0105c\u0105 swojej fryzury.<\/span><\/p>\n<p class=\"p1\" style=\"text-align: left;\"><span class=\"s1\">Oczywi\u015bcie podstawowa us\u0142uga na jak\u0105 mo\u017cemy liczy\u0107 odwiedzaj\u0105c salon fryzjerski to \u015bci\u0119cie w\u0142os\u00f3w. Warto w tym przypadku, uda\u0107 si\u0119 do fryzjera specjalizuj\u0105cego si\u0119 w strzy\u017ceniu damskim lub m\u0119skim. Opr\u00f3cz tego, nale\u017cy wspomnie\u0107 o wszelkiego typu upi\u0119ciach oraz stylizacji fryzur, zw\u0142aszcza przed specjalnymi wydarzeniami, takimi jak \u015blub czy studni\u00f3wka. W przypadku kobiet, bardzo popularnym zabiegiem jest r\u00f3wnie\u017c farbowanie w\u0142os\u00f3w lub te\u017c ich dekoloryzacja.<\/span><\/p>\n<p class=\"p1\" style=\"text-align: left;\"><span class=\"s1\">To jednak nie wszystko, gdy\u017c obecnie, dobre salony fryzjerskie oferuj\u0105 swoim klientom szereg us\u0142ug zwi\u0105zanych z dbaniem o zdrowie naszych w\u0142os\u00f3w. Zastosowanie najnowocze\u015bniejszych technik oraz preparat\u00f3w wnikaj\u0105cych w g\u0142\u0105b w\u0142osa, mo\u017cliwe jest ich skuteczne zregenerowanie. Warto zwr\u00f3ci\u0107 na nie szczeg\u00f3ln\u0105 uwag\u0119, gdy\u017c obecnie istnieje mn\u00f3stwo czynnik\u00f3w, kt\u00f3re wp\u0142ywaj\u0105 negatywnie na kondycj\u0119 naszych w\u0142os\u00f3w.<\/span><\/p>\n<h2 class=\"p1\" style=\"text-align: left;\"><span class=\"s1\" style=\"color: #a38753;\">Przysz\u0142o\u015b\u0107<\/span><\/h2>\n<p class=\"p1\" style=\"text-align: left;\"><span class=\"s1\">Jaka jest przysz\u0142o\u015b\u0107 fryzjerstwa? Tego niestety nikt z nas nie jest w stanie przewidzie\u0107. Bior\u0105c jednak pod uwag\u0119 fakt, i\u017c renoma tego zawodu wci\u0105\u017c ro\u015bnie, mo\u017cna wierzy\u0107, \u017ce popularno\u015b\u0107 korzystania z us\u0142ug fryzjer\u00f3w b\u0119dzie wci\u0105\u017c wzrasta\u0107.<\/span><\/p>\n<p class=\"p1\"><img loading=\"lazy\" class=\"wp-image-295 size-full alignleft\" src=\"https:\/\/hairmate.pl\/akademia\/wp-content\/uploads\/2018\/01\/unnamed.jpg\" alt=\"fryzjerstwo\" width=\"1600\" height=\"500\" srcset=\"https:\/\/hairmate.pl\/akademia\/wp-content\/uploads\/2018\/01\/unnamed.jpg 1600w, https:\/\/hairmate.pl\/akademia\/wp-content\/uploads\/2018\/01\/unnamed-300x94.jpg 300w, https:\/\/hairmate.pl\/akademia\/wp-content\/uploads\/2018\/01\/unnamed-768x240.jpg 768w, https:\/\/hairmate.pl\/akademia\/wp-content\/uploads\/2018\/01\/unnamed-1024x320.jpg 1024w\" sizes=\"(max-width: 1600px) 100vw, 1600px\" title=\"\"><\/p>\n","protected":false},"excerpt":{"rendered":"<p>Co warto wiedzie\u0107 o fryzjerstwie? Wizyty w salonie fryzjerskim to dla wielu os\u00f3b po prostu konieczno\u015b\u0107. Jest jednak grupa klient\u00f3w, a w szczeg\u00f3lno\u015bci klientek, dla kt\u00f3rych korzystanie z takich us\u0142ug to czysta przyjemno\u015b\u0107. Mo\u017cna zatem powiedzie\u0107, \u017ce fryzjerstwo jest rzemios\u0142em, kt\u00f3re mo\u017ce wp\u0142ywa\u0107 nie tylko na popraw\u0119 naszego wygl\u0105du, ale r\u00f3wnie\u017c samopoczucia. Jaka jest jednak<a class=\"excerpt-read-more\" href=\"https:\/\/hairmate.pl\/akademia\/fryzjerstwo\/\" title=\"ReadFryzjerstwo\">&#8230; Read more &raquo;<\/a><\/p>\n","protected":false},"author":1,"featured_media":0,"parent":0,"menu_order":0,"comment_status":"closed","ping_status":"closed","template":"template-full-width.php","meta":[],"_links":{"self":[{"href":"https:\/\/hairmate.pl\/akademia\/wp-json\/wp\/v2\/pages\/341"}],"collection":[{"href":"https:\/\/hairmate.pl\/akademia\/wp-json\/wp\/v2\/pages"}],"about":[{"href":"https:\/\/hairmate.pl\/akademia\/wp-json\/wp\/v2\/types\/page"}],"author":[{"embeddable":true,"href":"https:\/\/hairmate.pl\/akademia\/wp-json\/wp\/v2\/users\/1"}],"replies":[{"embeddable":true,"href":"https:\/\/hairmate.pl\/akademia\/wp-json\/wp\/v2\/comments?post=341"}],"version-history":[{"count":4,"href":"https:\/\/hairmate.pl\/akademia\/wp-json\/wp\/v2\/pages\/341\/revisions"}],"predecessor-version":[{"id":612,"href":"https:\/\/hairmate.pl\/akademia\/wp-json\/wp\/v2\/pages\/341\/revisions\/612"}],"wp:attachment":[{"href":"https:\/\/hairmate.pl\/akademia\/wp-json\/wp\/v2\/media?parent=341"}],"curies":[{"name":"wp","href":"https:\/\/api.w.org\/{rel}","templated":true}]}}