{"id":359,"date":"2018-01-30T19:18:08","date_gmt":"2018-01-30T18:18:08","guid":{"rendered":"https:\/\/hairmate.pl\/akademia\/?page_id=359"},"modified":"2021-12-10T12:17:41","modified_gmt":"2021-12-10T11:17:41","slug":"pracowania-fryzjerska","status":"publish","type":"page","link":"https:\/\/hairmate.pl\/akademia\/pracowania-fryzjerska\/","title":{"rendered":"Pracownia fryzjerska Warszawa"},"content":{"rendered":"<p class=\"p1\"><img loading=\"lazy\" class=\"aligncenter wp-image-360 size-large\" src=\"https:\/\/hairmate.pl\/akademia\/wp-content\/uploads\/2018\/01\/1-3-1024x323.jpg\" alt=\"\" width=\"1024\" height=\"323\" srcset=\"https:\/\/hairmate.pl\/akademia\/wp-content\/uploads\/2018\/01\/1-3-1024x323.jpg 1024w, https:\/\/hairmate.pl\/akademia\/wp-content\/uploads\/2018\/01\/1-3-300x95.jpg 300w, https:\/\/hairmate.pl\/akademia\/wp-content\/uploads\/2018\/01\/1-3-768x242.jpg 768w, https:\/\/hairmate.pl\/akademia\/wp-content\/uploads\/2018\/01\/1-3.jpg 1903w\" sizes=\"(max-width: 1024px) 100vw, 1024px\" title=\"\"><\/p>\n<p class=\"p1\"><strong>Marka Hairmate<\/strong> dzia\u0142a na polskim rynku ju\u017c od 2014 roku, kiedy to powsta\u0142a pierwsza pracownia fryzjerska w Warszawie. Zesp\u00f3\u0142 do\u015bwiadczonych i pe\u0142nych pasji mistrz\u00f3w fryzjerstwa to znak szczeg\u00f3lny Hairmate, a dodaj\u0105c do tego niebanalny, designerski wystr\u00f3j wn\u0119trz ka\u017cdego z salon\u00f3w, otrzymujemy po\u0142\u0105czenie doskona\u0142e.<\/p>\n<p class=\"p1\"><span class=\"s1\">Pierwsza<strong> pracownia fryzjerska Hairmate<\/strong> zosta\u0142a otwarta w warszawskiej 19. Dzielnicy na osiedlu Wola. Ogromny sukces i zainteresowanie klient\u00f3w sprawi\u0142y jednak, \u017ce w nied\u0142ugim czasie powsta\u0142y r\u00f3wnie\u017c salony na Zielonym \u017boliborzu oraz na Mokotowie. Ale Hairmate nie ogranicza swojej dzia\u0142alno\u015bci wy\u0142\u0105cznie do stolicy, w zwi\u0105zku z czym z us\u0142ug naszych kreatywnych fryzjer\u00f3w mog\u0105 r\u00f3wnie\u017c korzysta\u0107 klienci z Krakowa.<\/span><\/p>\n<p class=\"p1\"><span class=\"s1\">To z pewno\u015bci\u0105 nie koniec ekspansji dobrej energii Hairmate, ale p\u00f3ki co zapraszamy do odwiedzania ju\u017c dzia\u0142aj\u0105cych salon\u00f3w.<\/span><\/p>\n<p class=\"p1\"><img loading=\"lazy\" class=\"alignnone wp-image-372\" src=\"https:\/\/hairmate.pl\/akademia\/wp-content\/uploads\/2018\/01\/Zrzut-ekranu-2018-01-30-o-19.39.46-1024x641.png\" alt=\"\" width=\"563\" height=\"352\" srcset=\"https:\/\/hairmate.pl\/akademia\/wp-content\/uploads\/2018\/01\/Zrzut-ekranu-2018-01-30-o-19.39.46-1024x641.png 1024w, https:\/\/hairmate.pl\/akademia\/wp-content\/uploads\/2018\/01\/Zrzut-ekranu-2018-01-30-o-19.39.46-300x188.png 300w, https:\/\/hairmate.pl\/akademia\/wp-content\/uploads\/2018\/01\/Zrzut-ekranu-2018-01-30-o-19.39.46-768x481.png 768w, https:\/\/hairmate.pl\/akademia\/wp-content\/uploads\/2018\/01\/Zrzut-ekranu-2018-01-30-o-19.39.46.png 1674w\" sizes=\"(max-width: 563px) 100vw, 563px\" title=\"\"> <img loading=\"lazy\" class=\"wp-image-373 alignnone\" src=\"https:\/\/hairmate.pl\/akademia\/wp-content\/uploads\/2018\/01\/Zrzut-ekranu-2018-01-30-o-19.39.52-1024x639.png\" alt=\"\" width=\"573\" height=\"358\" srcset=\"https:\/\/hairmate.pl\/akademia\/wp-content\/uploads\/2018\/01\/Zrzut-ekranu-2018-01-30-o-19.39.52-1024x639.png 1024w, https:\/\/hairmate.pl\/akademia\/wp-content\/uploads\/2018\/01\/Zrzut-ekranu-2018-01-30-o-19.39.52-300x187.png 300w, https:\/\/hairmate.pl\/akademia\/wp-content\/uploads\/2018\/01\/Zrzut-ekranu-2018-01-30-o-19.39.52-768x479.png 768w, https:\/\/hairmate.pl\/akademia\/wp-content\/uploads\/2018\/01\/Zrzut-ekranu-2018-01-30-o-19.39.52.png 1644w\" sizes=\"(max-width: 573px) 100vw, 573px\" title=\"\"><\/p>\n<h2>Pracowania fryzjerska Warszawa<\/h2>\n<p><a href=\"https:\/\/hairmate.pl\/akademia\">Hairmate<\/a> to niezwykle stylowa <strong>pracownia fryzjerska<\/strong> stworzona przez ludzi zakochanych w tym zawodzie. <a href=\"https:\/\/hairmate.pl\/akademia\/instruktorzy\/\">Nasz team<\/a> sk\u0142adaj\u0105cy z wyj\u0105tkowo barwnych osobowo\u015bci wyr\u00f3\u017cnia si\u0119 bardzo profesjonalnym podej\u015bciem do wszystkich klient\u00f3w oraz ogromn\u0105 kreatywno\u015bci\u0105 w pracy z nimi. Zale\u017cy nam na tym, aby ka\u017cde ci\u0119cie, koloryzacja, czy stylizacja w pe\u0142ni odpowiada\u0142a zar\u00f3wno panuj\u0105cym aktualnie trendom, jak i waszym osobowo\u015bciom.<\/p>\n<p><\/p>\n<h2>Hairmate ? nowoczesna pracownia fryzjerska<\/h2>\n<p>Pracownia fryzjerska Hairmate powsta\u0142a w Warszawie, gdzie obecnie dzia\u0142aj\u0105 ju\u017c a\u017c trzy nasze salony. \u015awiatowej klasy specjali\u015bci oraz indywidualne podej\u015bcie do klient\u00f3w sprawi\u0142y, \u017ce nasza renoma wykroczy\u0142a poza kr\u0119gi warszawskie. Dlatego te\u017c zdecydowali\u015bmy si\u0119 r\u00f3wnie\u017c na otwarcie salonu Hairmate w Krakowie. Zach\u0119camy do odwiedzania ka\u017cdej z naszych pracowni, w kt\u00f3rych znajdziecie fachowc\u00f3w z du\u017cym do\u015bwiadczeniem, otwartych na wasze potrzeby i nowinki z fryzjerskiego podw\u00f3rka. Stw\u00f3rzmy wsp\u00f3lnie fryzur\u0119, z kt\u00f3r\u0105 b\u0119dziesz si\u0119 w pe\u0142ni identyfikowa\u0107!<\/p>\n<p><\/p>\n<p class=\"p1\"><img loading=\"lazy\" class=\"aligncenter wp-image-295 size-full\" src=\"https:\/\/hairmate.pl\/akademia\/wp-content\/uploads\/2018\/01\/unnamed.jpg\" alt=\"Pracowania Fryzjerska\" width=\"1600\" height=\"500\" srcset=\"https:\/\/hairmate.pl\/akademia\/wp-content\/uploads\/2018\/01\/unnamed.jpg 1600w, https:\/\/hairmate.pl\/akademia\/wp-content\/uploads\/2018\/01\/unnamed-300x94.jpg 300w, https:\/\/hairmate.pl\/akademia\/wp-content\/uploads\/2018\/01\/unnamed-768x240.jpg 768w, https:\/\/hairmate.pl\/akademia\/wp-content\/uploads\/2018\/01\/unnamed-1024x320.jpg 1024w\" sizes=\"(max-width: 1600px) 100vw, 1600px\" title=\"\"><\/p>\n\n\n<p><\/p>\n","protected":false},"excerpt":{"rendered":"<p>Marka Hairmate dzia\u0142a na polskim rynku ju\u017c od 2014 roku, kiedy to powsta\u0142a pierwsza pracownia fryzjerska w Warszawie. Zesp\u00f3\u0142 do\u015bwiadczonych i pe\u0142nych pasji mistrz\u00f3w fryzjerstwa to znak szczeg\u00f3lny Hairmate, a dodaj\u0105c do tego niebanalny, designerski wystr\u00f3j wn\u0119trz ka\u017cdego z salon\u00f3w, otrzymujemy po\u0142\u0105czenie doskona\u0142e. Pierwsza pracownia fryzjerska Hairmate zosta\u0142a otwarta w warszawskiej 19. Dzielnicy na osiedlu<a class=\"excerpt-read-more\" href=\"https:\/\/hairmate.pl\/akademia\/pracowania-fryzjerska\/\" title=\"ReadPracownia fryzjerska Warszawa\">&#8230; Read more &raquo;<\/a><\/p>\n","protected":false},"author":1,"featured_media":0,"parent":0,"menu_order":0,"comment_status":"closed","ping_status":"closed","template":"template-full-width.php","meta":[],"_links":{"self":[{"href":"https:\/\/hairmate.pl\/akademia\/wp-json\/wp\/v2\/pages\/359"}],"collection":[{"href":"https:\/\/hairmate.pl\/akademia\/wp-json\/wp\/v2\/pages"}],"about":[{"href":"https:\/\/hairmate.pl\/akademia\/wp-json\/wp\/v2\/types\/page"}],"author":[{"embeddable":true,"href":"https:\/\/hairmate.pl\/akademia\/wp-json\/wp\/v2\/users\/1"}],"replies":[{"embeddable":true,"href":"https:\/\/hairmate.pl\/akademia\/wp-json\/wp\/v2\/comments?post=359"}],"version-history":[{"count":5,"href":"https:\/\/hairmate.pl\/akademia\/wp-json\/wp\/v2\/pages\/359\/revisions"}],"predecessor-version":[{"id":592,"href":"https:\/\/hairmate.pl\/akademia\/wp-json\/wp\/v2\/pages\/359\/revisions\/592"}],"wp:attachment":[{"href":"https:\/\/hairmate.pl\/akademia\/wp-json\/wp\/v2\/media?parent=359"}],"curies":[{"name":"wp","href":"https:\/\/api.w.org\/{rel}","templated":true}]}}