{"id":59,"date":"2017-03-15T00:00:24","date_gmt":"2017-03-14T23:00:24","guid":{"rendered":"http:\/\/localhost\/hairmate-akademia\/?page_id=59"},"modified":"2021-11-26T12:38:27","modified_gmt":"2021-11-26T11:38:27","slug":"home","status":"publish","type":"page","link":"https:\/\/hairmate.pl\/akademia\/","title":{"rendered":"HOME"},"content":{"rendered":"\n<p>Fryzjerstwo bywa ci\u0119\u017ck\u0105 prac\u0105, jednak dla os\u00f3b z prawdziw\u0105 pasj\u0105 jest ono \u017ar\u00f3d\u0142em ogromnej satysfakcji. W salonach&nbsp;Hairmate&nbsp;ka\u017cdego dnia odmieniamy nie tylko wygl\u0105d naszych klient\u00f3w, ale cz\u0119sto tak\u017ce ich \u017cycie. Jest to mo\u017cliwe dzi\u0119ki temu, \u017ce ufaj\u0105 oni naszej wiedzy i do\u015bwiadczeniu, kt\u00f3rymi teraz chcemy dzieli\u0107 si\u0119 z innymi. Wierzymy, \u017ce nasze profesjonalne szkolenia fryzjerskie pozwol\u0105 ich uczestnikom zdoby\u0107 mn\u00f3stwo cennych umiej\u0119tno\u015bci zar\u00f3wno w zakresie technik fryzjerskich, jak i opieki nad klientem.<\/p>\n\n\n\n<h2>Szkolenia fryzjerskie dla pocz\u0105tkuj\u0105cych i zaawansowanych<\/h2>\n\n\n\n<p>Do kogo skierowana jest nasz oferta? Tak naprawd\u0119 do wszystkich os\u00f3b, kt\u00f3re widz\u0105 swoj\u0105 przysz\u0142o\u015b\u0107 w tym zawodzie. Ka\u017cde organizowane przez nas szkolenie fryzjerskie od podstaw dostarcza jego uczestnikom wiedzy teoretycznej, kt\u00f3ra jest nast\u0119pnie uzupe\u0142niana zaj\u0119ciami praktycznymi. Wystarczy wi\u0119c pasja i otwarto\u015b\u0107 na nowe informacje i umiej\u0119tno\u015bci, aby krok po kroku nauczy\u0107 si\u0119 podstaw fryzjerstwa.<\/p>\n\n\n\n<p>Z kolei nasze szkolenia fryzjerskie dla zaawansowanych to idealna okazja do poznania nowych, innowacyjnych oraz niezwykle ekscytuj\u0105cych technik strzy\u017cenia i wyka\u0144czania fryzur, koloryzacji, czy stylizacji w\u0142os\u00f3w. Pozwalaj\u0105 one nie tylko wiele si\u0119 nauczy\u0107, ale tak\u017ce rozbudzi\u0107 kreatywno\u015b\u0107 do\u015bwiadczonych fryzjer\u00f3w.<\/p>\n\n\n\n<h2>Hairmate&nbsp;? szkolenia fryzjerskie Warszawa<\/h2>\n\n\n\n<p>Niezale\u017cnie od tego, czy zaczynasz od podstaw, masz ju\u017c do\u015bwiadczenie w zawodzie albo decydujesz si\u0119 na indywidualne szkolenie fryzjerskie pod naszym okiem ?&nbsp;Hairmate&nbsp;gwarantuje Ci najwy\u017csz\u0105 jako\u015b\u0107 us\u0142ug. By\u0107 mo\u017ce interesuje Ci\u0119 szkolenie fryzjerskie obejmuj\u0105ce fryzury m\u0119skie lub damskie? A mo\u017ce jednak chcesz si\u0119 skupi\u0107 wy\u0142\u0105cznie na stylizacji w\u0142os\u00f3w albo do dawna marz\u0105 Ci si\u0119 szkolenia fryzjerskie z koloryzacji? W&nbsp;Hairmate&nbsp;nie ma z\u0142ych odpowiedzi!<\/p>\n\n\n\n<p>Nie zwlekaj i sprawd\u017a, jak rozplanowane s\u0105 nasze szkolenia fryzjerskie 2021. Na stronach&nbsp;Hairmate&nbsp;znajdziesz wszystkie najwa\u017cniejsze informacje na temat tego, co obejmuje ka\u017cde nasze szkolenie fryzjerskie ? cena, czas trwania, terminy, czy zakres tematyczny. Nie pozw\u00f3l nam&nbsp;na siebie czeka\u0107!<\/p>\n","protected":false},"excerpt":{"rendered":"<p>Fryzjerstwo bywa ci\u0119\u017ck\u0105 prac\u0105, jednak dla os\u00f3b z prawdziw\u0105 pasj\u0105 jest ono \u017ar\u00f3d\u0142em ogromnej satysfakcji. W salonach&nbsp;Hairmate&nbsp;ka\u017cdego dnia odmieniamy nie tylko wygl\u0105d naszych klient\u00f3w, ale cz\u0119sto tak\u017ce ich \u017cycie. Jest to mo\u017cliwe dzi\u0119ki temu, \u017ce ufaj\u0105 oni naszej wiedzy i do\u015bwiadczeniu, kt\u00f3rymi teraz chcemy dzieli\u0107 si\u0119 z innymi. Wierzymy, \u017ce nasze profesjonalne szkolenia fryzjerskie pozwol\u0105<a class=\"excerpt-read-more\" href=\"https:\/\/hairmate.pl\/akademia\/\" title=\"ReadHOME\">&#8230; Read more &raquo;<\/a><\/p>\n","protected":false},"author":1,"featured_media":0,"parent":0,"menu_order":0,"comment_status":"closed","ping_status":"closed","template":"","meta":[],"_links":{"self":[{"href":"https:\/\/hairmate.pl\/akademia\/wp-json\/wp\/v2\/pages\/59"}],"collection":[{"href":"https:\/\/hairmate.pl\/akademia\/wp-json\/wp\/v2\/pages"}],"about":[{"href":"https:\/\/hairmate.pl\/akademia\/wp-json\/wp\/v2\/types\/page"}],"author":[{"embeddable":true,"href":"https:\/\/hairmate.pl\/akademia\/wp-json\/wp\/v2\/users\/1"}],"replies":[{"embeddable":true,"href":"https:\/\/hairmate.pl\/akademia\/wp-json\/wp\/v2\/comments?post=59"}],"version-history":[{"count":2,"href":"https:\/\/hairmate.pl\/akademia\/wp-json\/wp\/v2\/pages\/59\/revisions"}],"predecessor-version":[{"id":580,"href":"https:\/\/hairmate.pl\/akademia\/wp-json\/wp\/v2\/pages\/59\/revisions\/580"}],"wp:attachment":[{"href":"https:\/\/hairmate.pl\/akademia\/wp-json\/wp\/v2\/media?parent=59"}],"curies":[{"name":"wp","href":"https:\/\/api.w.org\/{rel}","templated":true}]}}