{"id":2829,"date":"2022-11-09T14:33:08","date_gmt":"2022-11-09T13:33:08","guid":{"rendered":"https:\/\/hairmate.pl\/?page_id=2829"},"modified":"2026-03-18T16:12:19","modified_gmt":"2026-03-18T15:12:19","slug":"dekoloryzacja-lodz","status":"publish","type":"page","link":"https:\/\/hairmate.pl\/en\/dekoloryzacja-lodz\/","title":{"rendered":"Dekoloryzacja L\u00f3d\u017a"},"content":{"rendered":"<h2>Dekoloryzacja w\u0142os\u00f3w \u0141\u00f3d\u017a<\/h2>\n<p><strong>Dekoloryzacja<\/strong> to proces usuwania pigmentu z w\u0142os\u00f3w, powoduj\u0105c ich rozja\u015bnienie. Wykonywany jest przez fryzjer\u00f3w posiadaj\u0105cych wiedz\u0119 w tym temacie.<\/p>\n<p><a href=\"https:\/\/hairmate.pl\/lodz\"><strong>Fryzjer \u0141\u00f3d\u017a<\/strong><\/a> oferuje dekoloryzacj\u0119 w\u0142os\u00f3w za pomoc\u0105 najnowocze\u015bniejszych i bezpiecznych preparat\u00f3w. Us\u0142ug\u0119 t\u0119 wykonuj\u0105 osoby, kt\u00f3re posiadaj\u0105 odpowiednie uprawnienia i do\u015bwiadczenie. Dekoloryzacja wykonywana przy wykorzystaniu specjalnych preparat\u00f3w chemicznych, kt\u00f3re mog\u0105 powodowa\u0107 lekkie uszkodzenie struktury w\u0142osa. Dlatego tak istotne jest zadbanie o odpowiedni\u0105 <a href=\"https:\/\/hairmate.pl\/pielegnacja-wlosow\/\"><strong>piel\u0119gnacj\u0119<\/strong><\/a>.<\/p>\n","protected":false},"excerpt":{"rendered":"<p>Dekoloryzacja w\u0142os\u00f3w \u0141\u00f3d\u017a Dekoloryzacja to proces usuwania pigmentu z w\u0142os\u00f3w, powoduj\u0105c ich rozja\u015bnienie. Wykonywany jest przez fryzjer\u00f3w posiadaj\u0105cych wiedz\u0119 w tym temacie. Fryzjer \u0141\u00f3d\u017a oferuje dekoloryzacj\u0119 w\u0142os\u00f3w za pomoc\u0105 najnowocze\u015bniejszych i bezpiecznych preparat\u00f3w. Us\u0142ug\u0119 t\u0119 wykonuj\u0105 osoby, kt\u00f3re posiadaj\u0105 odpowiednie uprawnienia i do\u015bwiadczenie. Dekoloryzacja wykonywana przy wykorzystaniu specjalnych preparat\u00f3w chemicznych, kt\u00f3re mog\u0105 powodowa\u0107 lekkie uszkodzenie<a class=\"excerpt-read-more\" href=\"https:\/\/hairmate.pl\/en\/dekoloryzacja-lodz\/\" title=\"ReadDekoloryzacja L\u00f3d\u017a\">&#8230; Read more &raquo;<\/a><\/p>\n","protected":false},"author":12,"featured_media":1168,"parent":0,"menu_order":0,"comment_status":"closed","ping_status":"closed","template":"","meta":{"_acf_changed":false,"_monsterinsights_skip_tracking":false,"_monsterinsights_sitenote_active":false,"_monsterinsights_sitenote_note":"","_monsterinsights_sitenote_category":0,"footnotes":""},"class_list":["post-2829","page","type-page","status-publish","has-post-thumbnail","hentry"],"acf":[],"_links":{"self":[{"href":"https:\/\/hairmate.pl\/en\/wp-json\/wp\/v2\/pages\/2829","targetHints":{"allow":["GET"]}}],"collection":[{"href":"https:\/\/hairmate.pl\/en\/wp-json\/wp\/v2\/pages"}],"about":[{"href":"https:\/\/hairmate.pl\/en\/wp-json\/wp\/v2\/types\/page"}],"author":[{"embeddable":true,"href":"https:\/\/hairmate.pl\/en\/wp-json\/wp\/v2\/users\/12"}],"replies":[{"embeddable":true,"href":"https:\/\/hairmate.pl\/en\/wp-json\/wp\/v2\/comments?post=2829"}],"version-history":[{"count":3,"href":"https:\/\/hairmate.pl\/en\/wp-json\/wp\/v2\/pages\/2829\/revisions"}],"predecessor-version":[{"id":3667,"href":"https:\/\/hairmate.pl\/en\/wp-json\/wp\/v2\/pages\/2829\/revisions\/3667"}],"wp:featuredmedia":[{"embeddable":true,"href":"https:\/\/hairmate.pl\/en\/wp-json\/wp\/v2\/media\/1168"}],"wp:attachment":[{"href":"https:\/\/hairmate.pl\/en\/wp-json\/wp\/v2\/media?parent=2829"}],"curies":[{"name":"wp","href":"https:\/\/api.w.org\/{rel}","templated":true}]}}