{"id":2859,"date":"2022-11-14T16:40:30","date_gmt":"2022-11-14T15:40:30","guid":{"rendered":"https:\/\/hairmate.pl\/?page_id=2859"},"modified":"2026-03-18T21:48:39","modified_gmt":"2026-03-18T20:48:39","slug":"strzyzenie-damskie-lodz","status":"publish","type":"page","link":"https:\/\/hairmate.pl\/en\/strzyzenie-damskie-lodz\/","title":{"rendered":"Strzy\u017cenie damskie L\u00f3d\u017a"},"content":{"rendered":"<h2><strong>Strzy\u017cenie damskie \u0141\u00f3d\u017a<\/strong><\/h2>\n<p>Jest to jeden z tych proces\u00f3w, kt\u00f3re mo\u017cemy wykona\u0107 samodzielnie lub odda\u0107 si\u0119 profesjonalistom. Je\u015bli chodzi o strzy\u017cenie w\u0142os\u00f3w, istnieje wiele r\u00f3\u017cnych sposob\u00f3w i technik, kt\u00f3re mo\u017cna wykorzysta\u0107. Mo\u017cna po prostu skr\u00f3ci\u0107 d\u0142ugo\u015b\u0107 Twoich w\u0142os\u00f3w, ale mo\u017cna tak\u017ce ukszta\u0142towa\u0107 fryzur\u0119 wed\u0142ug Twoich preferencji.\u00a0Indywidualne dopasowanie fryzury do kszta\u0142tu twarzy jest niesamowicie wa\u017cne. Je\u015bli chcesz mie\u0107 idealn\u0105 fryzur\u0119, musisz znale\u017a\u0107 stylist\u0119, kt\u00f3ry ci\u0119 zrozumie i b\u0119dzie w stanie dopasowa\u0107 fryzur\u0119. Fryzury te mog\u0105 by\u0107 tak\u017ce ukszta\u0142towane przez odpowiednie u\u017cycie produkt\u00f3w do stylizacji w\u0142os\u00f3w.<\/p>\n<h2>Koloryzacja w\u0142os\u00f3w i strzy\u017cenie<\/h2>\n<p>Us\u0142uga strzy\u017cenia z koloryzacj\u0105 jest \u015bwietnym sposobem na uzyskanie idealnej fryzury. Jest to us\u0142uga, kt\u00f3ra obejmuje strzy\u017cenie i koloryzacj\u0119 w\u0142os\u00f3w. Mo\u017cesz skorzysta\u0107 z tej us\u0142ugi, aby uzyska\u0107 fryzur\u0119, kt\u00f3ra b\u0119dzie odpowiada\u0107 twoim oczekiwaniom i potrzebom.<\/p>\n<h2>Hairmate &#8211; najlepszy fryzjer w \u0141odzi<\/h2>\n<p>Fryzjer \u0141\u00f3d\u017a oferuje us\u0142ugi strzy\u017cenia i koloryzacji, dzi\u0119ki czemu mo\u017cna uzyska\u0107 idealn\u0105 fryzur\u0119. Jest to jeden z najlepszych fryzjer\u00f3w w \u0141odzi, poniewa\u017c oferuje on swoim klientom doskona\u0142\u0105 obs\u0142ug\u0119 i profesjonalizm.<\/p>\n<p><strong>Zabieg koloryzacji w\u0142os\u00f3w<\/strong> jest doskona\u0142ym sposobem na zmian\u0119 wygl\u0105du. Jest to szczeg\u00f3lnie pomocne dla os\u00f3b, kt\u00f3re chc\u0105 od\u015bwie\u017cy\u0107 swoj\u0105 fryzur\u0119 lub po prostu zmieni\u0107 sw\u00f3j styl. Koloryzacja mo\u017ce by\u0107 stosowana do dowolnego rodzaju w\u0142os\u00f3w &#8211; od ciemnych i jasnych do falowanych i prostych. Oznacza to, \u017ce ka\u017cdy mo\u017ce uzyska\u0107 idealny efekt dzi\u0119ki technikom farbowania przy u\u017cyciu r\u00f3\u017cnych produkt\u00f3w do w\u0142os\u00f3w. Aby osi\u0105gn\u0105\u0107 najlepsze rezultaty, wa\u017cne jest, aby skorzysta\u0107 z us\u0142ug profesjonalisty. Profesjonali\u015bci wiedz\u0105, jak dostosowa\u0107 kolory i techniki do typu urody i struktury w\u0142os\u00f3w. Dzi\u0119ki temu mo\u017cna cieszy\u0107 si\u0119 pi\u0119knym, naturalnym efektem bez uszczerbku na zdrowiu. Koloryzacja to \u015bwietny spos\u00f3b na od\u015bwie\u017cenie swojego looku i poprawienie samopoczucia. Warto po\u015bwi\u0119ci\u0107 czas na znalezienie odpowiedniego fryzjera lub stylisty w celu osi\u0105gni\u0119cia najlepszych rezultat\u00f3w!<\/p>\n","protected":false},"excerpt":{"rendered":"<p>Strzy\u017cenie damskie \u0141\u00f3d\u017a Jest to jeden z tych proces\u00f3w, kt\u00f3re mo\u017cemy wykona\u0107 samodzielnie lub odda\u0107 si\u0119 profesjonalistom. Je\u015bli chodzi o strzy\u017cenie w\u0142os\u00f3w, istnieje wiele r\u00f3\u017cnych sposob\u00f3w i technik, kt\u00f3re mo\u017cna wykorzysta\u0107. Mo\u017cna po prostu skr\u00f3ci\u0107 d\u0142ugo\u015b\u0107 Twoich w\u0142os\u00f3w, ale mo\u017cna tak\u017ce ukszta\u0142towa\u0107 fryzur\u0119 wed\u0142ug Twoich preferencji.\u00a0Indywidualne dopasowanie fryzury do kszta\u0142tu twarzy jest niesamowicie wa\u017cne. Je\u015bli<a class=\"excerpt-read-more\" href=\"https:\/\/hairmate.pl\/en\/strzyzenie-damskie-lodz\/\" title=\"ReadStrzy\u017cenie damskie L\u00f3d\u017a\">&#8230; Read more &raquo;<\/a><\/p>\n","protected":false},"author":12,"featured_media":1168,"parent":0,"menu_order":0,"comment_status":"closed","ping_status":"closed","template":"","meta":{"_acf_changed":false,"_monsterinsights_skip_tracking":false,"_monsterinsights_sitenote_active":false,"_monsterinsights_sitenote_note":"","_monsterinsights_sitenote_category":0,"footnotes":""},"class_list":["post-2859","page","type-page","status-publish","has-post-thumbnail","hentry"],"acf":[],"_links":{"self":[{"href":"https:\/\/hairmate.pl\/en\/wp-json\/wp\/v2\/pages\/2859","targetHints":{"allow":["GET"]}}],"collection":[{"href":"https:\/\/hairmate.pl\/en\/wp-json\/wp\/v2\/pages"}],"about":[{"href":"https:\/\/hairmate.pl\/en\/wp-json\/wp\/v2\/types\/page"}],"author":[{"embeddable":true,"href":"https:\/\/hairmate.pl\/en\/wp-json\/wp\/v2\/users\/12"}],"replies":[{"embeddable":true,"href":"https:\/\/hairmate.pl\/en\/wp-json\/wp\/v2\/comments?post=2859"}],"version-history":[{"count":2,"href":"https:\/\/hairmate.pl\/en\/wp-json\/wp\/v2\/pages\/2859\/revisions"}],"predecessor-version":[{"id":3705,"href":"https:\/\/hairmate.pl\/en\/wp-json\/wp\/v2\/pages\/2859\/revisions\/3705"}],"wp:featuredmedia":[{"embeddable":true,"href":"https:\/\/hairmate.pl\/en\/wp-json\/wp\/v2\/media\/1168"}],"wp:attachment":[{"href":"https:\/\/hairmate.pl\/en\/wp-json\/wp\/v2\/media?parent=2859"}],"curies":[{"name":"wp","href":"https:\/\/api.w.org\/{rel}","templated":true}]}}