{"id":2894,"date":"2022-11-15T10:57:53","date_gmt":"2022-11-15T09:57:53","guid":{"rendered":"https:\/\/hairmate.pl\/?page_id=2894"},"modified":"2026-03-18T21:28:32","modified_gmt":"2026-03-18T20:28:32","slug":"meska-koloryzacja","status":"publish","type":"page","link":"https:\/\/hairmate.pl\/en\/meska-koloryzacja\/","title":{"rendered":"M\u0119ska koloryzacja"},"content":{"rendered":"<h2>M\u0119ska koloryzacja w\u0142os\u00f3w<\/h2>\n<p><strong>Koloryzacja m\u0119ska<\/strong> to zabieg fryzjerski, kt\u00f3ry ma na celu zmian\u0119 lub poprawienie naturalnego koloru w\u0142os\u00f3w. Mo\u017ce by\u0107 stosowana tak\u017ce w celu<strong> ukrycia siwych w\u0142os\u00f3w <\/strong>lub innych oznak starzenia si\u0119. Istnieje wiele r\u00f3\u017cnych technik koloryzacji m\u0119skich, a fryzjerzy mog\u0105 doradzi\u0107, kt\u00f3ra z nich b\u0119dzie najlepsza dla Ciebie w zale\u017cno\u015bci od tego, jaki efekt chcesz osi\u0105gn\u0105\u0107.<\/p>\n<p><strong>Koloryzacja w\u0142os\u00f3w u m\u0119\u017cczyzn<\/strong> jest coraz bardziej popularna. Wielu m\u0119\u017cczyzn decyduje si\u0119 na zmian\u0119 koloru w\u0142os\u00f3w, aby o\u017cywi\u0107 sw\u00f3j wygl\u0105d i doda\u0107 mu charakteru. Mo\u017cesz skorzysta\u0107 z koloryzacji, aby <strong>ukry\u0107 siwe w\u0142osy<\/strong>, nada\u0107 fryzurze \u015bwie\u017co\u015bci lub po prostu zmieni\u0107 co\u015b w swoim codziennym wygl\u0105dzie.<\/p>\n<h2>Koloryzacja m\u0119ska w salonie fryzjerskim<\/h2>\n<p>Fryzjerzy maj\u0105 do dyspozycji wiele r\u00f3\u017cnych technik koloryzacji m\u0119skich i mog\u0105 doradzi\u0107 Ci, kt\u00f3ra z nich b\u0119dzie najlepsza dla Ciebie. W zale\u017cno\u015bci od tego, jaki efekt chcesz osi\u0105gn\u0105\u0107 mo\u017cna stosowa\u0107 r\u00f3wnie\u017c r\u00f3\u017cne odcienie kolor\u00f3w. Aby ukry\u0107 siwe w\u0142osy fryzjerzy mog\u0105 proponowa\u0107 koloryzacj\u0119 na ciemniejszy kolor. Je\u015bli chcesz podkre\u015bli\u0107 swoj\u0105 naturaln\u0105 barw\u0119 w\u0142os\u00f3w, to mo\u017cna rozwa\u017cy\u0107 koloryzacj\u0119 na ja\u015bniejszy kolor lub nawet decydowa\u0107 si\u0119 na refleksy. Pami\u0119taj, \u017ce fryzjer b\u0119dzie w stanie doradzi\u0107 Ci najlepsze rozwi\u0105zanie, je\u015bli masz jakiekolwiek w\u0105tpliwo\u015bci.<\/p>\n<p><strong>Hairmate<\/strong> oferuje dodatkowo takie us\u0142ugi jak <a href=\"https:\/\/hairmate.pl\/strzyzenie-meskie-cover\/\"><strong>cover<\/strong> <\/a>lub <a href=\"https:\/\/hairmate.pl\/strzyzenie-meskie-odsiwianie\/\"><strong>odsiwianie<\/strong><\/a>, na kt\u00f3re m\u0119\u017cczy\u017ani bardzo cz\u0119sto si\u0119 decyduj\u0105. Pozwalaj\u0105 ukry\u0107 siwe w\u0142osy, co w wielu przypadkach wp\u0142ywa na popraw\u0119 samopoczucia. Fryzjerzy zalecaj\u0105, aby m\u0119\u017cczy\u017ani uzupe\u0142niali koloryzacj\u0119 co 4-6 tygodni. Jest to optymalny czas, w kt\u00f3rym kolor utrzymuje si\u0119 \u015bwie\u017cy i nie traci intensywno\u015bci.<\/p>\n","protected":false},"excerpt":{"rendered":"<p>M\u0119ska koloryzacja w\u0142os\u00f3w Koloryzacja m\u0119ska to zabieg fryzjerski, kt\u00f3ry ma na celu zmian\u0119 lub poprawienie naturalnego koloru w\u0142os\u00f3w. Mo\u017ce by\u0107 stosowana tak\u017ce w celu ukrycia siwych w\u0142os\u00f3w lub innych oznak starzenia si\u0119. Istnieje wiele r\u00f3\u017cnych technik koloryzacji m\u0119skich, a fryzjerzy mog\u0105 doradzi\u0107, kt\u00f3ra z nich b\u0119dzie najlepsza dla Ciebie w zale\u017cno\u015bci od tego, jaki efekt<a class=\"excerpt-read-more\" href=\"https:\/\/hairmate.pl\/en\/meska-koloryzacja\/\" title=\"ReadM\u0119ska koloryzacja\">&#8230; Read more &raquo;<\/a><\/p>\n","protected":false},"author":12,"featured_media":0,"parent":0,"menu_order":0,"comment_status":"closed","ping_status":"closed","template":"","meta":{"_acf_changed":false,"_monsterinsights_skip_tracking":false,"_monsterinsights_sitenote_active":false,"_monsterinsights_sitenote_note":"","_monsterinsights_sitenote_category":0,"footnotes":""},"class_list":["post-2894","page","type-page","status-publish","hentry"],"acf":[],"_links":{"self":[{"href":"https:\/\/hairmate.pl\/en\/wp-json\/wp\/v2\/pages\/2894","targetHints":{"allow":["GET"]}}],"collection":[{"href":"https:\/\/hairmate.pl\/en\/wp-json\/wp\/v2\/pages"}],"about":[{"href":"https:\/\/hairmate.pl\/en\/wp-json\/wp\/v2\/types\/page"}],"author":[{"embeddable":true,"href":"https:\/\/hairmate.pl\/en\/wp-json\/wp\/v2\/users\/12"}],"replies":[{"embeddable":true,"href":"https:\/\/hairmate.pl\/en\/wp-json\/wp\/v2\/comments?post=2894"}],"version-history":[{"count":1,"href":"https:\/\/hairmate.pl\/en\/wp-json\/wp\/v2\/pages\/2894\/revisions"}],"predecessor-version":[{"id":3682,"href":"https:\/\/hairmate.pl\/en\/wp-json\/wp\/v2\/pages\/2894\/revisions\/3682"}],"wp:attachment":[{"href":"https:\/\/hairmate.pl\/en\/wp-json\/wp\/v2\/media?parent=2894"}],"curies":[{"name":"wp","href":"https:\/\/api.w.org\/{rel}","templated":true}]}}