{"id":3499,"date":"2023-06-15T10:29:07","date_gmt":"2023-06-15T08:29:07","guid":{"rendered":"https:\/\/hairmate.pl\/?page_id=3499"},"modified":"2026-03-18T21:04:35","modified_gmt":"2026-03-18T20:04:35","slug":"hairtalk","status":"publish","type":"page","link":"https:\/\/hairmate.pl\/en\/hairtalk\/","title":{"rendered":"Hairtalk"},"content":{"rendered":"<h2><strong>Hairtalk extensions<\/strong> \u2013 przed\u0142u\u017canie i zag\u0119szczanie w\u0142os\u00f3w metod\u0105 hairtalk<\/h2>\n<p>Dzi\u0119ki metodzie <strong>hairtalk extension<\/strong>, Twoje wymarzone w\u0142osy s\u0105 na wyci\u0105gni\u0119cie r\u0119ki. Pragniesz naturalnego, d\u0142ugotrwa\u0142ego efektu przed\u0142u\u017conych, g\u0119stych i l\u015bni\u0105cych kosmyk\u00f3w, ale nie chcesz nara\u017ca\u0107 ich na szkodliwe dzia\u0142anie? Wybierz hairtalk extensions &#8211; <strong>innowacyjn\u0105 metod\u0119 przed\u0142u\u017cania<\/strong> i <strong>zag\u0119szczania w\u0142os\u00f3w<\/strong>, kt\u00f3ra rewolucjonizuje rynek.<\/p>\n<p>Hairtalk extensions to unikalna <strong>metoda <a href=\"https:\/\/hairmate.pl\/przedluzanie-wlosow\/\">przed\u0142u\u017cania w\u0142os\u00f3w<\/a><\/strong>, kt\u00f3ra wykorzystuje najwy\u017cszej jako\u015bci w\u0142osy na \u017cy\u0142ce naturalne. To idealne rozwi\u0105zanie dla tych, kt\u00f3rzy pragn\u0105 zdrowych, l\u015bni\u0105cych i g\u0119stych kosmyk\u00f3w. Na naszej stronie znajdziesz wszystkie informacje na temat tej metody, a tak\u017ce odpowiedzi na najcz\u0119\u015bciej zadawane pytania.<\/p>\n<h2>Zabieg przed\u0142u\u017canie w\u0142os\u00f3w metod\u0105 hairtalk<\/h2>\n<p><strong>Hairtalk<\/strong> proponuje <strong>innowacyjne podej\u015bcie<\/strong>, kt\u00f3re zachowuje stan \u0142uski w\u0142osowej, nie niszcz\u0105c jej. W\u0142osy s\u0105 mocowane do ta\u015bmy r\u0119cznie, dzi\u0119ki czemu s\u0105 mniej widoczne i zapewniaj\u0105 naturalny efekt. Metoda ta jest niezwykle delikatna dla w\u0142os\u00f3w i nie wymaga u\u017cycia ciep\u0142a, co z kolei pozytywnie wp\u0142ynie na ich kondycj\u0119. Co wi\u0119cej, zabieg ten trwa mniej ni\u017c godzin\u0119, wi\u0119c po up\u0142ywie tego czasu b\u0119dziesz mog\u0142a cieszy\u0107 si\u0119 swoj\u0105 now\u0105 fryzur\u0105 niemal\u017ce natychmiast! Ponadto jej piel\u0119gnacja b\u0119dzie wyj\u0105tkowo \u0142atwa, dzi\u0119ki czemu oszcz\u0119dzisz sw\u00f3j cenny czas, nie trac\u0105c go na d\u0142u\u017csze mycie pasemek.<\/p>\n<h2><strong>Metoda kanapkowa<\/strong> z wykorzystaniem ta\u015bmy hairtalk pro<\/h2>\n<p><strong>Technika metody kanapkowej<\/strong> polega na umieszczeniu w\u0142asnych w\u0142os\u00f3w pomi\u0119dzy dwoma <strong>pasmami hairtalk extensions<\/strong>. Ka\u017cde pasmo hairtalk jest szeroko\u015bci 3 cm, co pozwala na odpowiednie dopasowanie go do kszta\u0142tu g\u0142owy, dostosowanie wysoko\u015bci i za\u0142o\u017cenie w spos\u00f3b, dzi\u0119ki kt\u00f3remu b\u0119dzie ono ca\u0142kiem niewidoczne. Wysoko\u015b\u0107 oraz kolor w\u0142os\u00f3w na \u017cy\u0142ce jest zale\u017cny od preferencji klienta, a zak\u0142adane lekkie pasma wykonane z naturalnych w\u0142os\u00f3w remy pozwol\u0105 Ci uzyska\u0107 natychmiastow\u0105 obj\u0119to\u015b\u0107, d\u0142ugo\u015b\u0107 oraz trwa\u0142o\u015b\u0107 stylizacji.<\/p>\n<p>Przekonaj si\u0119, jak <strong>doczepiane w\u0142osy<\/strong> na specjalnym hairband mog\u0105 wp\u0142yn\u0105\u0107 na wygl\u0105d i samopoczucie. Zajrzyj do naszego salonu fryzjerskiego i miej pewno\u015b\u0107, \u017ce Twoje w\u0142osy trafi\u0142y w najlepsze mo\u017cliwe r\u0119ce. <a href=\"https:\/\/hairmate.pl\/rezerwacja\/\"><strong>Zapisz si\u0119 na wizyt\u0119<\/strong><\/a> i przekonaj si\u0119, czy metoda ta jest w\u0142a\u015bnie idealna dla ciebie!<\/p>\n","protected":false},"excerpt":{"rendered":"<p>Hairtalk extensions \u2013 przed\u0142u\u017canie i zag\u0119szczanie w\u0142os\u00f3w metod\u0105 hairtalk Dzi\u0119ki metodzie hairtalk extension, Twoje wymarzone w\u0142osy s\u0105 na wyci\u0105gni\u0119cie r\u0119ki. Pragniesz naturalnego, d\u0142ugotrwa\u0142ego efektu przed\u0142u\u017conych, g\u0119stych i l\u015bni\u0105cych kosmyk\u00f3w, ale nie chcesz nara\u017ca\u0107 ich na szkodliwe dzia\u0142anie? Wybierz hairtalk extensions &#8211; innowacyjn\u0105 metod\u0119 przed\u0142u\u017cania i zag\u0119szczania w\u0142os\u00f3w, kt\u00f3ra rewolucjonizuje rynek. Hairtalk extensions to unikalna metoda<a class=\"excerpt-read-more\" href=\"https:\/\/hairmate.pl\/en\/hairtalk\/\" title=\"ReadHairtalk\">&#8230; Read more &raquo;<\/a><\/p>\n","protected":false},"author":12,"featured_media":1168,"parent":0,"menu_order":0,"comment_status":"closed","ping_status":"closed","template":"","meta":{"_acf_changed":false,"_monsterinsights_skip_tracking":false,"_monsterinsights_sitenote_active":false,"_monsterinsights_sitenote_note":"","_monsterinsights_sitenote_category":0,"footnotes":""},"class_list":["post-3499","page","type-page","status-publish","has-post-thumbnail","hentry"],"acf":[],"_links":{"self":[{"href":"https:\/\/hairmate.pl\/en\/wp-json\/wp\/v2\/pages\/3499","targetHints":{"allow":["GET"]}}],"collection":[{"href":"https:\/\/hairmate.pl\/en\/wp-json\/wp\/v2\/pages"}],"about":[{"href":"https:\/\/hairmate.pl\/en\/wp-json\/wp\/v2\/types\/page"}],"author":[{"embeddable":true,"href":"https:\/\/hairmate.pl\/en\/wp-json\/wp\/v2\/users\/12"}],"replies":[{"embeddable":true,"href":"https:\/\/hairmate.pl\/en\/wp-json\/wp\/v2\/comments?post=3499"}],"version-history":[{"count":5,"href":"https:\/\/hairmate.pl\/en\/wp-json\/wp\/v2\/pages\/3499\/revisions"}],"predecessor-version":[{"id":3669,"href":"https:\/\/hairmate.pl\/en\/wp-json\/wp\/v2\/pages\/3499\/revisions\/3669"}],"wp:featuredmedia":[{"embeddable":true,"href":"https:\/\/hairmate.pl\/en\/wp-json\/wp\/v2\/media\/1168"}],"wp:attachment":[{"href":"https:\/\/hairmate.pl\/en\/wp-json\/wp\/v2\/media?parent=3499"}],"curies":[{"name":"wp","href":"https:\/\/api.w.org\/{rel}","templated":true}]}}