{"id":3504,"date":"2023-06-15T11:58:55","date_gmt":"2023-06-15T09:58:55","guid":{"rendered":"https:\/\/hairmate.pl\/?page_id=3504"},"modified":"2026-03-18T21:22:25","modified_gmt":"2026-03-18T20:22:25","slug":"laminowanie-wlosow","status":"publish","type":"page","link":"https:\/\/hairmate.pl\/en\/laminowanie-wlosow\/","title":{"rendered":"Laminowanie wlosow"},"content":{"rendered":"<h2>Laminowanie w\u0142os\u00f3w &#8211; po\u017cegnaj matowe pasma!<\/h2>\n<p>Chcia\u0142aby\u015b zregenerowa\u0107 swoje w\u0142osy i nada\u0107 im niepowtarzalnego blasku? A mo\u017ce jeste\u015b w\u0142osomaniaczk\u0105, kt\u00f3ra nieustannie szuka nowych sposob\u00f3w na piel\u0119gnacj\u0119 swoich w\u0142os\u00f3w? <strong>Laminowanie w\u0142os\u00f3w<\/strong> to zabieg, kt\u00f3ry warto wykona\u0107. To jedna z najskuteczniejszych metod na <strong>od\u017cywienie<\/strong> i <strong>ochron\u0119 w\u0142os\u00f3w<\/strong>. A kiedy decydujesz si\u0119 na wykonanie <strong>laminowania w\u0142os\u00f3w w salonie fryzjerskim<\/strong>, mo\u017cesz by\u0107 pewna, \u017ce efekty b\u0119d\u0105 naprawd\u0119 niezwyk\u0142e!<\/p>\n<h2>Efekty laminowania w\u0142os\u00f3w? Prawdziwie l\u015bni\u0105ce w\u0142osy!<\/h2>\n<p>Co to jest laminowanie w\u0142os\u00f3w? <strong>Zabieg laminowania w\u0142os\u00f3w<\/strong> polega na pokryciu ka\u017cdego kosmyka specjalnym produktem, kt\u00f3ry tworzy na powierzchni w\u0142osa warstw\u0119 ochronn\u0105. Zabieg ten <strong>wyg\u0142adza \u0142uski w\u0142osa<\/strong>, dzi\u0119ki czemu w\u0142osy staj\u0105 si\u0119 wyj\u0105tkowo g\u0142adkie i l\u015bni\u0105ce. Laminowanie w\u0142os\u00f3w to profesjonalny zabieg, kt\u00f3ry mo\u017cesz wykona\u0107 w naszym salonie. Ju\u017c dzi\u015b postaw na pi\u0119kne w\u0142osy i przekonaj si\u0119 jak b\u0119d\u0105 wygl\u0105da\u0142y Twoje w\u0142osy po laminowaniu!<\/p>\n<p>Jednym z kluczowych etap\u00f3w jest na\u0142o\u017cenie na w\u0142osy <strong>od\u017cywki<\/strong> lub <strong>maski do w\u0142os\u00f3w<\/strong>, kt\u00f3ra zabezpiecza w\u0142os przed uszkodzeniami mechanicznymi. Nast\u0119pnie fryzjer prostuje w\u0142osy, aby wyg\u0142adzi\u0107 \u0142uski i umo\u017cliwi\u0107 produktom g\u0142\u0119bsze wnikanie. Po takim zabiegu w\u0142osy staj\u0105 si\u0119 <strong>l\u015bni\u0105ce<\/strong>, <strong>mi\u0119kkie<\/strong>, a przede wszystkim <strong>zdrowe<\/strong>. Zaskakuj\u0105ce efekty daje <strong>laminowanie w\u0142os\u00f3w kr\u0119conych<\/strong>, niezale\u017cnie od ich typu.<\/p>\n<h2>W\u0142osy przyjemne w dotyku? Poznaj efekt laminacji w\u0142os\u00f3w keratyn\u0105!<\/h2>\n<p>Chcesz pozna\u0107 laminowanie w\u0142os\u00f3w efekty? W przypadku laminowanie w\u0142os\u00f3w u fryzjera, mo\u017cesz oczekiwa\u0107 nieskazitelnego blasku w\u0142os\u00f3w oraz wyj\u0105tkowego efektu wyg\u0142adzenia. W przypadku w\u0142os\u00f3w suchych, bogate sk\u0142adniki zawarte w od\u017cywkach przywr\u00f3c\u0105 im utracone nawil\u017cenie i mi\u0119kko\u015b\u0107. Nie czekaj wi\u0119c d\u0142u\u017cej i ju\u017c dzi\u015b zapewnij swoim kosmykom odpowiedni\u0105 <a href=\"https:\/\/hairmate.pl\/pielegnacja-wlosow\/\"><strong>piel\u0119gnacj\u0119<\/strong><\/a>, kt\u00f3ra zapewni im odpowiednie witaminy niezb\u0119dne do utrzymania \u015bwietnej kondycji. <a href=\"https:\/\/hairmate.pl\/rezerwacja\/\"><strong>Um\u00f3w si\u0119 na wizyt\u0119<\/strong><\/a> do naszego salonu i przekonaj si\u0119, jak dobrze na w\u0142osy zadzia\u0142a laminacja!<\/p>\n","protected":false},"excerpt":{"rendered":"<p>Laminowanie w\u0142os\u00f3w &#8211; po\u017cegnaj matowe pasma! Chcia\u0142aby\u015b zregenerowa\u0107 swoje w\u0142osy i nada\u0107 im niepowtarzalnego blasku? A mo\u017ce jeste\u015b w\u0142osomaniaczk\u0105, kt\u00f3ra nieustannie szuka nowych sposob\u00f3w na piel\u0119gnacj\u0119 swoich w\u0142os\u00f3w? Laminowanie w\u0142os\u00f3w to zabieg, kt\u00f3ry warto wykona\u0107. To jedna z najskuteczniejszych metod na od\u017cywienie i ochron\u0119 w\u0142os\u00f3w. A kiedy decydujesz si\u0119 na wykonanie laminowania w\u0142os\u00f3w w salonie<a class=\"excerpt-read-more\" href=\"https:\/\/hairmate.pl\/en\/laminowanie-wlosow\/\" title=\"ReadLaminowanie wlosow\">&#8230; Read more &raquo;<\/a><\/p>\n","protected":false},"author":12,"featured_media":1168,"parent":0,"menu_order":0,"comment_status":"closed","ping_status":"closed","template":"","meta":{"_acf_changed":false,"_monsterinsights_skip_tracking":false,"_monsterinsights_sitenote_active":false,"_monsterinsights_sitenote_note":"","_monsterinsights_sitenote_category":0,"footnotes":""},"class_list":["post-3504","page","type-page","status-publish","has-post-thumbnail","hentry"],"acf":[],"_links":{"self":[{"href":"https:\/\/hairmate.pl\/en\/wp-json\/wp\/v2\/pages\/3504","targetHints":{"allow":["GET"]}}],"collection":[{"href":"https:\/\/hairmate.pl\/en\/wp-json\/wp\/v2\/pages"}],"about":[{"href":"https:\/\/hairmate.pl\/en\/wp-json\/wp\/v2\/types\/page"}],"author":[{"embeddable":true,"href":"https:\/\/hairmate.pl\/en\/wp-json\/wp\/v2\/users\/12"}],"replies":[{"embeddable":true,"href":"https:\/\/hairmate.pl\/en\/wp-json\/wp\/v2\/comments?post=3504"}],"version-history":[{"count":3,"href":"https:\/\/hairmate.pl\/en\/wp-json\/wp\/v2\/pages\/3504\/revisions"}],"predecessor-version":[{"id":3681,"href":"https:\/\/hairmate.pl\/en\/wp-json\/wp\/v2\/pages\/3504\/revisions\/3681"}],"wp:featuredmedia":[{"embeddable":true,"href":"https:\/\/hairmate.pl\/en\/wp-json\/wp\/v2\/media\/1168"}],"wp:attachment":[{"href":"https:\/\/hairmate.pl\/en\/wp-json\/wp\/v2\/media?parent=3504"}],"curies":[{"name":"wp","href":"https:\/\/api.w.org\/{rel}","templated":true}]}}